{"id":1318,"date":"2023-12-02T21:34:58","date_gmt":"2023-12-02T20:34:58","guid":{"rendered":"http:\/\/kilealpineresort.com\/dichiarazione-sulla-privacy-ue\/"},"modified":"2023-12-03T17:58:20","modified_gmt":"2023-12-03T16:58:20","slug":"dichiarazione-sulla-privacy-ue","status":"publish","type":"page","link":"https:\/\/kilealpineresort.com\/sl\/dichiarazione-sulla-privacy-ue\/","title":{"rendered":"Izjava o zasebnosti (EU)"},"content":{"rendered":"<!-- Legal document generated by Complianz | GDPR\/CCPA Cookie Consent https:\/\/wordpress.org\/plugins\/complianz-gdpr -->\n<div id=\"cmplz-document\" class=\"cmplz-document privacy-statement cmplz-document-eu\"><p><i>This privacy statement was last updated on 23 april 2025 and applies to citizens and legal permanent residents of the European Economic Area and Switzerland.<\/i><br \/><br \/><\/p><p><p>V tej izjavi o zasebnosti pojasnjujemo, kaj po\u010dnemo s podatki, ki jih o vas pridobimo prek <a href=\"https:\/\/kilealpineresort.com\/sl\">https:\/\/kilealpineresort.com\/sl<\/a>. Priporo\u010damo, da natan\u010dno preberete to izjavo. Pri obdelavi upo\u0161tevamo zahteve zakonodaje o zasebnosti. To med drugim pomeni, da:<\/p><ul>\n                <li>jasno navedemo namene, za katere obdelujemo osebne podatke. To storimo s to izjavo o zasebnosti;<\/li>\n                <li>na\u0161 cilj je omejiti na\u0161e zbiranje osebnih podatkov samo na osebne podatke, ki so potrebni za zakonite namene;<\/li>\n                <li>najprej zahtevamo va\u0161e izrecno soglasje za obdelavo va\u0161ih osebnih podatkov v primerih, ko je potrebno va\u0161e soglasje;<\/li>\n                <li>izvajamo ustrezne varnostne ukrepe za za\u0161\u010dito va\u0161ih osebnih podatkov in to zahtevamo tudi od strank, ki obdelujejo osebne podatke v na\u0161em imenu;<\/li>\n                <li>spo\u0161tujemo va\u0161o pravico do dostopa do va\u0161ih osebnih podatkov ali do njihovega popravka ali izbrisa na va\u0161o zahtevo.<\/li>\n            <\/ul><p>\u010ce imate kakr\u0161na koli vpra\u0161anja ali \u017eelite natan\u010dno vedeti, katere podatke o vas hranimo, nas kontaktirajte.<\/p><\/p><h2>1. Purpose, data and retention period<\/h2>We may collect or receive personal information for a number of purposes connected with our business operations which may include the following: (click to expand)<details class=\"cmplz-dropdown dropdown-privacy-statement\"><summary><div><h3>1.1 Contact &#8211; Through phone, mail, email and\/or webforms<\/h3><\/div><\/summary><p class=\"cmplz-subtitle\">For this purpose we use the following data:<\/p><p><ul><li>A first and last name<\/li><li>An email address<\/li><li>A telephone number<\/li><\/ul><\/p><p class=\"cmplz-subtitle\">The basis on which we may process these data is:<\/p><p><a target=\"_blank\" rel=\"noopener noreferrer nofollow\" href=\"https:\/\/cookiedatabase.org\/legal-bases\/#consent\">Upon the provision of consent.<\/a><\/p><p class=\"cmplz-subtitle\">Retention period<\/p><p>We retain this data upon termination of the service for the following number of months: Il titolare pu\u00f2 conservare i dati personali sino a quando detto consenso non venga revocato<\/p><\/details><details class=\"cmplz-dropdown dropdown-privacy-statement\"><summary><div><h3>1.2 Newsletters<\/h3><\/div><\/summary><p class=\"cmplz-subtitle\">For this purpose we use the following data:<\/p><p><ul><li>A first and last name<\/li><li>An email address<\/li><\/ul><\/p><p class=\"cmplz-subtitle\">The basis on which we may process these data is:<\/p><p><a target=\"_blank\" rel=\"noopener noreferrer nofollow\" href=\"https:\/\/cookiedatabase.org\/legal-bases\/#consent\">Upon the provision of consent.<\/a><\/p><p class=\"cmplz-subtitle\">Retention period<\/p><p>We retain this data upon termination of the service for the following number of months: Il titolare pu\u00f2 conservare i dati personali sino a quando detto consenso non venga revocato<\/p><\/details><details class=\"cmplz-dropdown dropdown-privacy-statement\"><summary><div><h3>1.3 To support services or products that a customer wants to buy or has purchased<\/h3><\/div><\/summary><p class=\"cmplz-subtitle\">For this purpose we use the following data:<\/p><p><ul><li>A first and last name<\/li><li>An email address<\/li><li>A telephone number<\/li><\/ul><\/p><p class=\"cmplz-subtitle\">The basis on which we may process these data is:<\/p><p><a target=\"_blank\" rel=\"noopener noreferrer nofollow\" href=\"https:\/\/cookiedatabase.org\/legal-bases\/#consent\">Upon the provision of consent.<\/a><\/p><p class=\"cmplz-subtitle\">Retention period<\/p><p>We retain this data upon termination of the service for the following number of months: Il titolare pu\u00f2 conservare i dati personali sino a quando detto consenso non venga revocato<\/p><\/details><details class=\"cmplz-dropdown dropdown-privacy-statement\"><summary><div><h3>1.4 To be able to comply with legal obligations<\/h3><\/div><\/summary><p class=\"cmplz-subtitle\">For this purpose we use the following data:<\/p><p><ul><li>IP Address<\/li><li>Geolocation data<\/li><\/ul><\/p><p class=\"cmplz-subtitle\">The basis on which we may process these data is:<\/p><p><a target=\"_blank\" rel=\"noopener noreferrer nofollow\" href=\"https:\/\/cookiedatabase.org\/legal-bases\/#obligation\">For compliance with a legal or regulatory obligation.<\/a><\/p><p class=\"cmplz-subtitle\">Retention period<\/p><p>We retain this data upon termination of the service for the following number of months: Il titolare pu\u00f2 conservare i dati personali sino a quando detto consenso non venga revocato. Il titolare potrebbe essere obbligato a conservare i dati personali per un periodo pi\u00f9 lungo in ottemperanza ad un obbligo di legge.<\/p><\/details><details class=\"cmplz-dropdown dropdown-privacy-statement\"><summary><div><h3>1.5 Compiling and analyzing statistics for website improvement.<\/h3><\/div><\/summary><p class=\"cmplz-subtitle\">For this purpose we use the following data:<\/p><p><ul><li>IP Address<\/li><li>Internet activity information, including, but not limited to, browsing history, search history, and information regarding a consumer&#039;s interaction with an Internet Web site, application, or advertisement<\/li><li>Geolocation data<\/li><\/ul><\/p><p class=\"cmplz-subtitle\">The basis on which we may process these data is:<\/p><p><a target=\"_blank\" rel=\"noopener noreferrer nofollow\" href=\"https:\/\/cookiedatabase.org\/legal-bases\/#consent\">Upon the provision of consent.<\/a><\/p><p class=\"cmplz-subtitle\">Retention period<\/p><p>We retain this data upon termination of the service for the following number of months: Il titolare pu\u00f2 conservare i dati personali sino a quando detto consenso non venga revocato<\/p><\/details><details class=\"cmplz-dropdown dropdown-privacy-statement\"><summary><div><h3>1.6 To be able to offer personalized products and services<\/h3><\/div><\/summary><p class=\"cmplz-subtitle\">For this purpose we use the following data:<\/p><p><ul><li>A first and last name<\/li><li>An email address<\/li><li>A telephone number<\/li><li>Internet activity information, including, but not limited to, browsing history, search history, and information regarding a consumer&#039;s interaction with an Internet Web site, application, or advertisement<\/li><li>Geolocation data<\/li><\/ul><\/p><p class=\"cmplz-subtitle\">The basis on which we may process these data is:<\/p><p><a target=\"_blank\" rel=\"noopener noreferrer nofollow\" href=\"https:\/\/cookiedatabase.org\/legal-bases\/#consent\">Upon the provision of consent.<\/a><\/p><p class=\"cmplz-subtitle\">Retention period<\/p><p>We retain this data upon termination of the service for the following number of months: Il titolare pu\u00f2 conservare i dati personali sino a quando detto consenso non venga revocato<\/p><\/details><h2>2. Deljenje z drugimi strankami<\/h2><p>Te podatke delimo samo z obdelovalci in drugimi tretjimi osebami, za katere je potrebno pridobiti soglasje.<\/p><p class=\"cmplz-subtitle\">Procesorji<\/p><p><b>ime:<\/b>&nbsp;Mailerlite Limited<br \/>\n            <b>Dr\u017eava:<\/b>&nbsp;Irska<br \/>\n            <b>Namen:<\/b>&nbsp;Glasilo<br \/>\n            <\/p><h2>3. Pi\u0161kotki<\/h2><p>Na\u0161a spletna stran uporablja pi\u0161kotke. Za ve\u010d informacij o pi\u0161kotkih si oglejte na\u0161o <a href=\"https:\/\/kilealpineresort.com\/sl\/cookie-policy-ue\/\">Politika pi\u0161kotkov<\/a>.&nbsp;<\/p><h2>4. Prakse razkritja<\/h2><p><p>Osebne podatke razkrijemo, \u010de nas zahteva zakon ali sodna odlo\u010dba, kot odgovor organu kazenskega pregona, v obsegu, ki ga dovoljujejo druge zakonske dolo\u010dbe, da zagotovimo informacije ali za preiskavo zadeve, povezane z javno varnostjo.<\/p><p>\u010ce je na\u0161e spletno mesto ali organizacija prevzeta, prodana ali vklju\u010dena v zdru\u017eitev ali prevzem, bodo va\u0161i podatki morda razkriti na\u0161im svetovalcem in morebitnim kupcem ter posredovani novim lastnikom.<\/p><\/p><h2>5.Varnost<\/h2><p>We are committed to the security of personal data. We take appropriate security measures to limit abuse of and unauthorized access to personal data. This ensures that only the necessary persons have access to your data, that access to the data is protected, and that our security measures are regularly reviewed.<\/p><h2>6. Spletna mesta tretjih oseb<\/h2><p>Ta izjava o zasebnosti ne velja za spletna mesta tretjih oseb, povezana s povezavami na na\u0161em spletnem mestu. Ne moremo zagotoviti, da te tretje osebe obdelujejo va\u0161e osebne podatke na zanesljiv ali varen na\u010din. Priporo\u010damo, da pred uporabo teh spletnih mest preberete izjave o zasebnosti teh spletnih mest.<\/p><h2>7. Spremembe te izjave o zasebnosti<\/h2><p>Pridr\u017eujemo si pravico do sprememb te izjave o zasebnosti. Priporo\u010dljivo je, da redno pregledujete to izjavo o zasebnosti, da boste seznanjeni z vsemi spremembami. Poleg tega vas bomo aktivno obve\u0161\u010dali, kjer bo to mogo\u010de.<\/p><h2>8. Dostop do va\u0161ih podatkov in njihovo spreminjanje<\/h2><p>\u010ce imate kakr\u0161na koli vpra\u0161anja ali \u017eelite izvedeti, katere osebne podatke imamo o vas, se obrnite na nas. Kontaktirate nas lahko s pomo\u010djo spodnjih podatkov. Imate naslednje pravice:<\/p><ul>\n                <li>Pravico imate vedeti, zakaj so va\u0161i osebni podatki potrebni, kaj se bo z njimi zgodilo in kako dolgo se bodo hranili.<\/li>\n                <li>Pravica do dostopa: Imate pravico do dostopa do va\u0161ih osebnih podatkov, ki so nam znani.<\/li>\n                <li>Pravica do popravka: pravico imate dopolniti, popraviti, izbrisati ali blokirati svoje osebne podatke, kadarkoli \u017eelite.<\/li>\n                <li>\u010ce nam daste soglasje za obdelavo va\u0161ih podatkov, imate pravico to soglasje preklicati in zahtevati izbris va\u0161ih osebnih podatkov.<\/li>\n                <li>Pravica do prenosa va\u0161ih podatkov: od upravljavca imate pravico zahtevati vse svoje osebne podatke in jih v celoti posredovati drugemu upravljavcu.<\/li>\n                <li>Pravica do ugovora: lahko ugovarjate obdelavi va\u0161ih podatkov. Tega upo\u0161tevamo, razen \u010de obstajajo utemeljeni razlogi za obdelavo.<\/li>\n            <\/ul><p>Prosimo, da vedno jasno navedete, kdo ste, da bomo lahko prepri\u010dani, da ne bomo spremenili ali izbrisali podatkov napa\u010dne osebe.<\/p><h2>9. Oddaja prito\u017ebe<\/h2><p>If you are not satisfied with the way in which we handle (a complaint about) the processing of your personal data, you have the right to submit a complaint to the Data Protection Authority.<\/p><h2>10. Kontaktni podatki<\/h2><p>VALSAISERA Srl<br \/>\n        Via Saisera 65, 33010, Malborghetto-Valbruna (Udine) <br \/>\n        Italy<br \/>\n        Spletna stran: <a href=\"https:\/\/kilealpineresort.com\/sl\">https:\/\/kilealpineresort.com\/sl<\/a> <br \/>\n        E-naslov: <span class=\"cmplz-obfuscate\">i&#110;fo@<span class=\"cmplz-fmail-domain\">&#101;&#120;&#046;com<\/span>k&#105;l&#101;&#097;&#108;&#112;in&#101;&#114;&#101;so&#114;t&#046;co&#109;<\/span> <br \/>\n        Phone number: \u202d+39 333 3785603\u202c<\/p><h2>11. Data Requests<\/h2><p>Za najpogosteje poslane zahteve vam ponujamo tudi mo\u017enost uporabe na\u0161ega obrazca za zahteve po podatkih<br \/>\t\t\t<div class=\"cmplz-datarequest cmplz-alert\">\n\t\t\t\t<span class=\"cmplz-close\">\u00d7<\/span>\n\t\t\t\t<span id=\"cmplz-message\"><\/span>\n\t\t\t<\/div>\n\t\t\t<form id=\"cmplz-datarequest-form\" action=\"\">\n\t\t\t\t<input type=\"hidden\" required value=\"eu\" name=\"cmplz_datarequest_region\" id=\"cmplz_datarequest_region\" >\n\n\t\t\t\t<label for=\"cmplz_datarequest_firstname\" class=\"cmplz-first-name\">Ime\t\t\t\t\t<input type=\"search\" class=\"datarequest-firstname\" value=\"\" placeholder=\"Va\u0161e ime\" id=\"cmplz_datarequest_firstname\" name=\"cmplz_datarequest_firstname\" >\n\t\t\t\t<\/label>\n\t\t\t\t<div>\n\t\t\t\t\t<label for=\"cmplz_datarequest_name\">Ime<\/label>\n\t\t\t\t\t<input type=\"text\" required value=\"\" placeholder=\"Your name\" id=\"cmplz_datarequest_name\" name=\"cmplz_datarequest_name\">\n\t\t\t\t<\/div>\n\t\t\t\t<div>\n\t\t\t\t\t<label for=\"cmplz_datarequest_email\">E-po\u0161ta<\/label>\n\t\t\t\t\t<input type=\"email\" required value=\"\" placeholder=\"email@email.com\" id=\"cmplz_datarequest_email\" name=\"cmplz_datarequest_email\">\n\t\t\t\t<\/div>\n\t\t\t\t\t\t\t\t\t\t<div class=\"cmplz_datarequest cmplz_datarequest_request_for_access\">\n\t\t\t\t\t\t\t<label for=\"cmplz_datarequest_request_for_access\">\n\t\t\t\t\t\t\t\t<input type=\"checkbox\" value=\"1\" name=\"cmplz_datarequest_request_for_access\" id=\"cmplz_datarequest_request_for_access\"\/>\n\t\t\t\t\t\t\t\tSubmit a request for access to the data we process about you.\t\t\t\t\t\t\t<\/label>\n\t\t\t\t\t\t<\/div>\n\t\t\t\t\t\t\t\t\t\t<div class=\"cmplz_datarequest cmplz_datarequest_right_to_be_forgotten\">\n\t\t\t\t\t\t\t<label for=\"cmplz_datarequest_right_to_be_forgotten\">\n\t\t\t\t\t\t\t\t<input type=\"checkbox\" value=\"1\" name=\"cmplz_datarequest_right_to_be_forgotten\" id=\"cmplz_datarequest_right_to_be_forgotten\"\/>\n\t\t\t\t\t\t\t\tSubmit a request for deletion of the data if it is no longer relevant.\t\t\t\t\t\t\t<\/label>\n\t\t\t\t\t\t<\/div>\n\t\t\t\t\t\t\t\t\t\t<div class=\"cmplz_datarequest cmplz_datarequest_right_to_data_portability\">\n\t\t\t\t\t\t\t<label for=\"cmplz_datarequest_right_to_data_portability\">\n\t\t\t\t\t\t\t\t<input type=\"checkbox\" value=\"1\" name=\"cmplz_datarequest_right_to_data_portability\" id=\"cmplz_datarequest_right_to_data_portability\"\/>\n\t\t\t\t\t\t\t\tSubmit a request to receive an export file of the data we process about you.\t\t\t\t\t\t\t<\/label>\n\t\t\t\t\t\t<\/div>\n\t\t\t\t\t\t\t\t<input type=\"button\" id=\"cmplz-datarequest-submit\"  value=\"Send\">\n\t\t\t<input type=\"hidden\" name=\"trp-form-language\" value=\"sl\"\/><\/form>\n\n\t\t\t<style>\n\t\t\t\t\/* first-name is honeypot *\/\n\t\t\t\t.cmplz-first-name {\n\t\t\t\t\tposition: absolute !important;\n\t\t\t\t\tleft: -5000px !important;\n\t\t\t\t}\n\t\t\t<\/style>\n\t\t\t<\/p><h2>Priloga<\/h2><p><h3>Skladnost | Privacy Suite za WordPress<\/h3>\r\nTo spletno mesto uporablja Complianz Privacy Suite za WordPress za zbiranje zapisov o soglasju. Za to funkcionalnost je va\u0161 naslov IP anonimiziran in shranjen v na\u0161i bazi podatkov. Za ve\u010d informacij glejte <a href=\"https:\/\/complianz.io\/privacy-statement\/\" target=\"_blank\" rel=\"noopener\">Izjava o zasebnosti<\/a> podjetja Complianz.<\/p><\/div>","protected":false},"excerpt":{"rendered":"","protected":false},"author":1,"featured_media":0,"parent":0,"menu_order":0,"comment_status":"closed","ping_status":"closed","template":"","meta":{"_et_pb_use_builder":"","_et_pb_old_content":"","_et_gb_content_width":"1080","iawp_total_views":281,"footnotes":""},"class_list":["post-1318","page","type-page","status-publish","hentry"],"_links":{"self":[{"href":"https:\/\/kilealpineresort.com\/sl\/wp-json\/wp\/v2\/pages\/1318","targetHints":{"allow":["GET"]}}],"collection":[{"href":"https:\/\/kilealpineresort.com\/sl\/wp-json\/wp\/v2\/pages"}],"about":[{"href":"https:\/\/kilealpineresort.com\/sl\/wp-json\/wp\/v2\/types\/page"}],"author":[{"embeddable":true,"href":"https:\/\/kilealpineresort.com\/sl\/wp-json\/wp\/v2\/users\/1"}],"replies":[{"embeddable":true,"href":"https:\/\/kilealpineresort.com\/sl\/wp-json\/wp\/v2\/comments?post=1318"}],"version-history":[{"count":0,"href":"https:\/\/kilealpineresort.com\/sl\/wp-json\/wp\/v2\/pages\/1318\/revisions"}],"wp:attachment":[{"href":"https:\/\/kilealpineresort.com\/sl\/wp-json\/wp\/v2\/media?parent=1318"}],"curies":[{"name":"wp","href":"https:\/\/api.w.org\/{rel}","templated":true}]}}