{"id":1317,"date":"2023-12-02T21:34:58","date_gmt":"2023-12-02T20:34:58","guid":{"rendered":"http:\/\/kilealpineresort.com\/cookie-policy-ue\/"},"modified":"2023-12-03T17:56:36","modified_gmt":"2023-12-03T16:56:36","slug":"cookie-policy-ue","status":"publish","type":"page","link":"https:\/\/kilealpineresort.com\/sl\/cookie-policy-ue\/","title":{"rendered":"Politika pi\u0161kotkov (EU)"},"content":{"rendered":"<!-- Legal document generated by Complianz | GDPR\/CCPA Cookie Consent https:\/\/wordpress.org\/plugins\/complianz-gdpr -->\n<div id=\"cmplz-document\" class=\"cmplz-document cookie-statement cmplz-document-eu\"><p><i>This Cookie Policy was last updated on 23 april 2025 and applies to citizens and legal permanent residents of the European Economic Area and Switzerland.<\/i><br><\/p><h2>1. Uvod<\/h2><p>Na\u0161e spletno mesto, <a href=\"https:\/\/kilealpineresort.com\/sl\">https:\/\/kilealpineresort.com\/sl<\/a> (v nadaljevanju: \u00bbspletna stran\u00ab) uporablja pi\u0161kotke in druge povezane tehnologije (zaradi priro\u010dnosti so vse tehnologije ozna\u010dene kot \u00bbpi\u0161kotki\u00ab). Pi\u0161kotke postavljajo tudi tretje osebe, ki smo jih anga\u017eirali. V spodnjem dokumentu vas obve\u0161\u010damo o uporabi pi\u0161kotkov na na\u0161i spletni strani.<\/p><h2>2. Kaj so pi\u0161kotki?<\/h2><p>Pi\u0161kotek je majhna preprosta datoteka, ki se po\u0161lje skupaj s stranmi tega spletnega mesta in jo va\u0161 brskalnik shrani na trdi disk va\u0161ega ra\u010dunalnika ali druge naprave. Podatki, ki so tam shranjeni, se lahko med naslednjim obiskom vrnejo na na\u0161e stre\u017enike ali na stre\u017enike ustreznih tretjih oseb.<\/p><h2>3. Kaj so skripte?<\/h2><p>Skript je del programske kode, ki se uporablja za pravilno in interaktivno delovanje na\u0161e spletne strani. Ta koda se izvaja na na\u0161em stre\u017eniku ali na va\u0161i napravi.<\/p><h2>4. Kaj je spletni svetilnik?<\/h2><p>Spletni svetilnik (ali oznaka pikslov) je majhen, neviden ko\u0161\u010dek besedila ali slike na spletnem mestu, ki se uporablja za spremljanje prometa na spletnem mestu. Da bi to naredili, se razli\u010dni podatki o vas shranjujejo s spletnimi svetilniki.<\/p><h2>5. Pi\u0161kotki<\/h2><p class=\"cmplz-subtitle\">5.1 Tehni\u010dni ali funkcionalni pi\u0161kotki<\/p><p>Nekateri pi\u0161kotki zagotavljajo, da dolo\u010deni deli spletne strani delujejo pravilno in da va\u0161e uporabni\u0161ke nastavitve ostanejo znane. Z namestitvijo funkcionalnih pi\u0161kotkov vam olaj\u0161amo obisk na\u0161e spletne strani. Na ta na\u010din vam ob obisku na\u0161e spletne strani ni treba ve\u010dkrat vna\u0161ati istih podatkov in izdelki na primer ostanejo v va\u0161i nakupovalni ko\u0161arici, dokler ne pla\u010date. Te pi\u0161kotke lahko namestimo brez va\u0161ega soglasja.<\/p><p class=\"cmplz-subtitle\">5.2 Statisti\u010dni pi\u0161kotki<\/p><p>Uporabljamo statisti\u010dne pi\u0161kotke za optimizacijo spletne izku\u0161nje za na\u0161e uporabnike. S temi statisti\u010dnimi pi\u0161kotki dobimo vpogled v uporabo na\u0161e spletne strani. Prosimo za va\u0161e dovoljenje za namestitev statisti\u010dnih pi\u0161kotkov.<\/p><p class=\"cmplz-subtitle\">5.3 Pi\u0161kotki za tr\u017eenje\/sledenje<\/p><p>Pi\u0161kotki za tr\u017eenje\/sledenje so pi\u0161kotki ali katera koli druga oblika lokalnega shranjevanja, ki se uporablja za ustvarjanje uporabni\u0161kih profilov za prikazovanje oglasov ali za sledenje uporabniku na tem spletnem mestu ali ve\u010d spletnih mestih za podobne tr\u017eenjske namene.<\/p><h2>6. Postavljeni pi\u0161koti<\/h2><div id=\"cmplz-cookies-overview\"><details class=\"cmplz-dropdown cmplz-service-desc cmplz-dropdown-cookiepolicy\">\n\t<summary class=\"cmplz-service-header\"><div>\n\t\t<h3>WordPress<\/h3>\n\t\t<p>Purpose pending investigation<\/p>\n\t\t<label for=\"cmplz_service_wordpress\" class=\"cmplz_consent_per_service_label\"><span class=\"screen-reader-text\">Privolitev v storitev wordpress<\/span><\/label>\n\t\t<input type=\"checkbox\" id=\"cmplz_service_wordpress\" class=\"cmplz-accept-service cmplz-hidden\" data-service=\"wordpress\" data-category=\"functional\"><\/div>\n\t<\/summary>\n\t<div class=\"cmplz-service-description\">\n\t\t<h4>Usage<\/h4>\n\t\t<p>We use WordPress for website development. <a target=\"_blank\" rel=\"noopener noreferrer nofollow\" href=\"https:\/\/cookiedatabase.org\/service\/wordpress\/\">Read more about WordPress<\/a><\/p>\n\t<\/div>\n\t<div class=\"cmplz-sharing-data\">\n\t\t<h4>Sharing data<\/h4>\n\t\t<p>This data is not shared with third parties.<\/p>\n\t<\/div>\n\t<div class=\"cookies-per-purpose\">\n    <div class=\"purpose\"><h4>Purpose pending investigation<\/h4><\/div>\n    <div class=\"name-header\">\n\t<h5>Ime<\/h5>\n<\/div>\n<div class=\"name\"><a target=\"_blank\" rel=\"noopener noreferrer nofollow\" href=\"https:\/\/cookiedatabase.org\/cookie\/wordpress\/wpemojisettingssupports\/\">wpEmojiSettingsSupports<\/a><\/div>\n<div class=\"retention-header\">\n\t<h5>Potek<\/h5>\n<\/div>\n<div class=\"retention\"><\/div>\n<div class=\"function-header\">\n\t<h5>Function<\/h5>\n<\/div>\n<div class=\"function\"><\/div>\n\n<\/div>\n<\/details>\n<details class=\"cmplz-dropdown cmplz-service-desc cmplz-dropdown-cookiepolicy\">\n\t<summary class=\"cmplz-service-header\"><div>\n\t\t<h3>WordPress<\/h3>\n\t\t<p>Purpose pending investigation<\/p>\n\t\t<label for=\"cmplz_service_wordpress\" class=\"cmplz_consent_per_service_label\"><span class=\"screen-reader-text\">Privolitev v storitev wordpress<\/span><\/label>\n\t\t<input type=\"checkbox\" id=\"cmplz_service_wordpress\" class=\"cmplz-accept-service cmplz-hidden\" data-service=\"wordpress\" data-category=\"functional\"><\/div>\n\t<\/summary>\n\t<div class=\"cmplz-service-description\">\n\t\t<h4>Usage<\/h4>\n\t\t<p><\/p>\n\t<\/div>\n\t<div class=\"cmplz-sharing-data\">\n\t\t<h4>Sharing data<\/h4>\n\t\t<p>This data is not shared with third parties.<\/p>\n\t<\/div>\n\t<div class=\"cookies-per-purpose\">\n    <div class=\"purpose\"><h4>Purpose pending investigation<\/h4><\/div>\n    <div class=\"name-header\">\n\t<h5>Ime<\/h5>\n<\/div>\n<div class=\"name\"><a target=\"_blank\" rel=\"noopener noreferrer nofollow\" href=\"https:\/\/cookiedatabase.org\/cookie\/unknown-service\/wp-settings-time\/\">wp-settings-time-*<\/a><\/div>\n<div class=\"retention-header\">\n\t<h5>Potek<\/h5>\n<\/div>\n<div class=\"retention\"><\/div>\n<div class=\"function-header\">\n\t<h5>Function<\/h5>\n<\/div>\n<div class=\"function\"><\/div>\n<div class=\"name-header\">\n\t<h5>Ime<\/h5>\n<\/div>\n<div class=\"name\"><a target=\"_blank\" rel=\"noopener noreferrer nofollow\" href=\"https:\/\/cookiedatabase.org\/cookie\/unknown-service\/wordpress_test_cookie\/\">wordpress_testni_pi\u0161kotek<\/a><\/div>\n<div class=\"retention-header\">\n\t<h5>Potek<\/h5>\n<\/div>\n<div class=\"retention\"><\/div>\n<div class=\"function-header\">\n\t<h5>Function<\/h5>\n<\/div>\n<div class=\"function\"><\/div>\n<div class=\"name-header\">\n\t<h5>Ime<\/h5>\n<\/div>\n<div class=\"name\"><a target=\"_blank\" rel=\"noopener noreferrer nofollow\" href=\"https:\/\/cookiedatabase.org\/cookie\/unknown-service\/wordpress_logged_in_\/\">wordpress_logged_in_*<\/a><\/div>\n<div class=\"retention-header\">\n\t<h5>Potek<\/h5>\n<\/div>\n<div class=\"retention\"><\/div>\n<div class=\"function-header\">\n\t<h5>Function<\/h5>\n<\/div>\n<div class=\"function\"><\/div>\n<div class=\"name-header\">\n\t<h5>Ime<\/h5>\n<\/div>\n<div class=\"name\"><a target=\"_blank\" rel=\"noopener noreferrer nofollow\" href=\"https:\/\/cookiedatabase.org\/cookie\/unknown-service\/wp_preferences_user_\/\">WP_PREFERENCES_USER_*<\/a><\/div>\n<div class=\"retention-header\">\n\t<h5>Potek<\/h5>\n<\/div>\n<div class=\"retention\"><\/div>\n<div class=\"function-header\">\n\t<h5>Function<\/h5>\n<\/div>\n<div class=\"function\"><\/div>\n<div class=\"name-header\">\n\t<h5>Ime<\/h5>\n<\/div>\n<div class=\"name\"><a target=\"_blank\" rel=\"noopener noreferrer nofollow\" href=\"https:\/\/cookiedatabase.org\/cookie\/unknown-service\/wp-settings\/\">wp-nastavitve-*<\/a><\/div>\n<div class=\"retention-header\">\n\t<h5>Potek<\/h5>\n<\/div>\n<div class=\"retention\"><\/div>\n<div class=\"function-header\">\n\t<h5>Function<\/h5>\n<\/div>\n<div class=\"function\"><\/div>\n\n<\/div>\n<\/details>\n<details class=\"cmplz-dropdown cmplz-service-desc cmplz-dropdown-cookiepolicy\">\n\t<summary class=\"cmplz-service-header\"><div>\n\t\t<h3>Skladnost<\/h3>\n\t\t<p>Purpose pending investigation<\/p>\n\t\t<label for=\"cmplz_service_complianz\" class=\"cmplz_consent_per_service_label\"><span class=\"screen-reader-text\">Soglasje za skladnost storitev<\/span><\/label>\n\t\t<input type=\"checkbox\" id=\"cmplz_service_complianz\" class=\"cmplz-accept-service cmplz-hidden\" data-service=\"complianz\" data-category=\"functional\"><\/div>\n\t<\/summary>\n\t<div class=\"cmplz-service-description\">\n\t\t<h4>Usage<\/h4>\n\t\t<p><\/p>\n\t<\/div>\n\t<div class=\"cmplz-sharing-data\">\n\t\t<h4>Sharing data<\/h4>\n\t\t<p>This data is not shared with third parties.&nbsp;For more information, please read the <a target=\"_blank\" rel=\"noopener noreferrer\" href=\"https:\/\/complianz.io\/legal\/privacy-statement\/\">Complianz Privacy Statement<\/a>.<\/p>\n\t<\/div>\n\t<div class=\"cookies-per-purpose\">\n    <div class=\"purpose\"><h4>Purpose pending investigation<\/h4><\/div>\n    <div class=\"name-header\">\n\t<h5>Ime<\/h5>\n<\/div>\n<div class=\"name\"><a target=\"_blank\" rel=\"noopener noreferrer nofollow\" href=\"https:\/\/cookiedatabase.org\/cookie\/unknown-service\/cmplz_id\/\">cmplz_id<\/a><\/div>\n<div class=\"retention-header\">\n\t<h5>Potek<\/h5>\n<\/div>\n<div class=\"retention\">180 days<\/div>\n<div class=\"function-header\">\n\t<h5>Function<\/h5>\n<\/div>\n<div class=\"function\"><\/div>\n<div class=\"name-header\">\n\t<h5>Ime<\/h5>\n<\/div>\n<div class=\"name\"><a target=\"_blank\" rel=\"noopener noreferrer nofollow\" href=\"https:\/\/cookiedatabase.org\/cookie\/unknown-service\/cmplz_user_data\/\">cmplz_uporabni\u0161ki_podatki<\/a><\/div>\n<div class=\"retention-header\">\n\t<h5>Potek<\/h5>\n<\/div>\n<div class=\"retention\">180 days<\/div>\n<div class=\"function-header\">\n\t<h5>Function<\/h5>\n<\/div>\n<div class=\"function\"><\/div>\n<div class=\"name-header\">\n\t<h5>Ime<\/h5>\n<\/div>\n<div class=\"name\"><a target=\"_blank\" rel=\"noopener noreferrer nofollow\" href=\"https:\/\/cookiedatabase.org\/cookie\/unknown-service\/cmplz_consented_services\/\">cmplz_allowed_services<\/a><\/div>\n<div class=\"retention-header\">\n\t<h5>Potek<\/h5>\n<\/div>\n<div class=\"retention\">180 days<\/div>\n<div class=\"function-header\">\n\t<h5>Function<\/h5>\n<\/div>\n<div class=\"function\"><\/div>\n<div class=\"name-header\">\n\t<h5>Ime<\/h5>\n<\/div>\n<div class=\"name\"><a target=\"_blank\" rel=\"noopener noreferrer nofollow\" href=\"https:\/\/cookiedatabase.org\/cookie\/unknown-service\/cmplz_functional\/\">cmplz_funkcionalno<\/a><\/div>\n<div class=\"retention-header\">\n\t<h5>Potek<\/h5>\n<\/div>\n<div class=\"retention\">180 days<\/div>\n<div class=\"function-header\">\n\t<h5>Function<\/h5>\n<\/div>\n<div class=\"function\"><\/div>\n<div class=\"name-header\">\n\t<h5>Ime<\/h5>\n<\/div>\n<div class=\"name\"><a target=\"_blank\" rel=\"noopener noreferrer nofollow\" href=\"https:\/\/cookiedatabase.org\/cookie\/unknown-service\/cmplz_marketing\/\">cmplz_marketing<\/a><\/div>\n<div class=\"retention-header\">\n\t<h5>Potek<\/h5>\n<\/div>\n<div class=\"retention\">180 days<\/div>\n<div class=\"function-header\">\n\t<h5>Function<\/h5>\n<\/div>\n<div class=\"function\"><\/div>\n<div class=\"name-header\">\n\t<h5>Ime<\/h5>\n<\/div>\n<div class=\"name\"><a target=\"_blank\" rel=\"noopener noreferrer nofollow\" href=\"https:\/\/cookiedatabase.org\/cookie\/unknown-service\/cmplz_policy_id\/\">cmplz_policy_id<\/a><\/div>\n<div class=\"retention-header\">\n\t<h5>Potek<\/h5>\n<\/div>\n<div class=\"retention\">180 days<\/div>\n<div class=\"function-header\">\n\t<h5>Function<\/h5>\n<\/div>\n<div class=\"function\"><\/div>\n<div class=\"name-header\">\n\t<h5>Ime<\/h5>\n<\/div>\n<div class=\"name\"><a target=\"_blank\" rel=\"noopener noreferrer nofollow\" href=\"https:\/\/cookiedatabase.org\/cookie\/unknown-service\/cmplz_preferences\/\">cmplz_preferences<\/a><\/div>\n<div class=\"retention-header\">\n\t<h5>Potek<\/h5>\n<\/div>\n<div class=\"retention\">180 days<\/div>\n<div class=\"function-header\">\n\t<h5>Function<\/h5>\n<\/div>\n<div class=\"function\"><\/div>\n<div class=\"name-header\">\n\t<h5>Ime<\/h5>\n<\/div>\n<div class=\"name\"><a target=\"_blank\" rel=\"noopener noreferrer nofollow\" href=\"https:\/\/cookiedatabase.org\/cookie\/unknown-service\/cmplz_statistics\/\">cmplz_statistika<\/a><\/div>\n<div class=\"retention-header\">\n\t<h5>Potek<\/h5>\n<\/div>\n<div class=\"retention\">180 days<\/div>\n<div class=\"function-header\">\n\t<h5>Function<\/h5>\n<\/div>\n<div class=\"function\"><\/div>\n<div class=\"name-header\">\n\t<h5>Ime<\/h5>\n<\/div>\n<div class=\"name\"><a target=\"_blank\" rel=\"noopener noreferrer nofollow\" href=\"https:\/\/cookiedatabase.org\/cookie\/unknown-service\/cmplz_banner-status\/\">cmplz_banner-status<\/a><\/div>\n<div class=\"retention-header\">\n\t<h5>Potek<\/h5>\n<\/div>\n<div class=\"retention\">180 days<\/div>\n<div class=\"function-header\">\n\t<h5>Function<\/h5>\n<\/div>\n<div class=\"function\"><\/div>\n<div class=\"name-header\">\n\t<h5>Ime<\/h5>\n<\/div>\n<div class=\"name\"><a target=\"_blank\" rel=\"noopener noreferrer nofollow\" href=\"https:\/\/cookiedatabase.org\/cookie\/unknown-service\/cmplz_saved_categories\/\">cmplz_saved_categories<\/a><\/div>\n<div class=\"retention-header\">\n\t<h5>Potek<\/h5>\n<\/div>\n<div class=\"retention\">180 days<\/div>\n<div class=\"function-header\">\n\t<h5>Function<\/h5>\n<\/div>\n<div class=\"function\"><\/div>\n<div class=\"name-header\">\n\t<h5>Ime<\/h5>\n<\/div>\n<div class=\"name\"><a target=\"_blank\" rel=\"noopener noreferrer nofollow\" href=\"https:\/\/cookiedatabase.org\/cookie\/unknown-service\/cmplz_saved_services\/\">cmplz_saved_services<\/a><\/div>\n<div class=\"retention-header\">\n\t<h5>Potek<\/h5>\n<\/div>\n<div class=\"retention\">180 days<\/div>\n<div class=\"function-header\">\n\t<h5>Function<\/h5>\n<\/div>\n<div class=\"function\"><\/div>\n\n<\/div>\n<\/details>\n<details class=\"cmplz-dropdown cmplz-service-desc cmplz-dropdown-cookiepolicy\">\n\t<summary class=\"cmplz-service-header\"><div>\n\t\t<h3>Divi (Elegantne teme)<\/h3>\n\t\t<p>Purpose pending investigation<\/p>\n\t\t<label for=\"cmplz_service_divi-(elegant-themes)\" class=\"cmplz_consent_per_service_label\"><span class=\"screen-reader-text\">Soglasje za storitev divi-(elegant-themes)<\/span><\/label>\n\t\t<input type=\"checkbox\" id=\"cmplz_service_divi-(elegant-themes)\" class=\"cmplz-accept-service cmplz-hidden\" data-service=\"divi-(elegant-themes)\" data-category=\"functional\"><\/div>\n\t<\/summary>\n\t<div class=\"cmplz-service-description\">\n\t\t<h4>Usage<\/h4>\n\t\t<p><\/p>\n\t<\/div>\n\t<div class=\"cmplz-sharing-data\">\n\t\t<h4>Sharing data<\/h4>\n\t\t<p>This data is not shared with third parties.<\/p>\n\t<\/div>\n\t<div class=\"cookies-per-purpose\">\n    <div class=\"purpose\"><h4>Purpose pending investigation<\/h4><\/div>\n    <div class=\"name-header\">\n\t<h5>Ime<\/h5>\n<\/div>\n<div class=\"name\"><a target=\"_blank\" rel=\"noopener noreferrer nofollow\" href=\"https:\/\/cookiedatabase.org\/cookie\/unknown-service\/et-pb-recent-items-font_family\/\">et-pb-recent-items-font_family<\/a><\/div>\n<div class=\"retention-header\">\n\t<h5>Potek<\/h5>\n<\/div>\n<div class=\"retention\"><\/div>\n<div class=\"function-header\">\n\t<h5>Function<\/h5>\n<\/div>\n<div class=\"function\"><\/div>\n\n<\/div>\n<\/details>\n<details class=\"cmplz-dropdown cmplz-service-desc cmplz-dropdown-cookiepolicy\">\n\t<summary class=\"cmplz-service-header\"><div>\n\t\t<h3>TinyMCE<\/h3>\n\t\t<p>Purpose pending investigation<\/p>\n\t\t<label for=\"cmplz_service_tinymce\" class=\"cmplz_consent_per_service_label\"><span class=\"screen-reader-text\">Privolitev v storitev tinymce<\/span><\/label>\n\t\t<input type=\"checkbox\" id=\"cmplz_service_tinymce\" class=\"cmplz-accept-service cmplz-hidden\" data-service=\"tinymce\" data-category=\"functional\"><\/div>\n\t<\/summary>\n\t<div class=\"cmplz-service-description\">\n\t\t<h4>Usage<\/h4>\n\t\t<p><\/p>\n\t<\/div>\n\t<div class=\"cmplz-sharing-data\">\n\t\t<h4>Sharing data<\/h4>\n\t\t<p>This data is not shared with third parties.<\/p>\n\t<\/div>\n\t<div class=\"cookies-per-purpose\">\n    <div class=\"purpose\"><h4>Purpose pending investigation<\/h4><\/div>\n    <div class=\"name-header\">\n\t<h5>Ime<\/h5>\n<\/div>\n<div class=\"name\"><a target=\"_blank\" rel=\"noopener noreferrer nofollow\" href=\"https:\/\/cookiedatabase.org\/cookie\/unknown-service\/tinymce-url-history\/\">tinymce-url-zgodovina<\/a><\/div>\n<div class=\"retention-header\">\n\t<h5>Potek<\/h5>\n<\/div>\n<div class=\"retention\"><\/div>\n<div class=\"function-header\">\n\t<h5>Function<\/h5>\n<\/div>\n<div class=\"function\"><\/div>\n\n<\/div>\n<\/details>\n<details class=\"cmplz-dropdown cmplz-service-desc cmplz-dropdown-cookiepolicy\">\n\t<summary class=\"cmplz-service-header\"><div>\n\t\t<h3>Googlove pisave<\/h3>\n\t\t<p>Purpose pending investigation<\/p>\n\t\t<label for=\"cmplz_service_google-fonts\" class=\"cmplz_consent_per_service_label\"><span class=\"screen-reader-text\">Soglasje za storitev google-fonts<\/span><\/label>\n\t\t<input type=\"checkbox\" id=\"cmplz_service_google-fonts\" class=\"cmplz-accept-service cmplz-hidden\" data-service=\"google-fonts\" data-category=\"functional\"><\/div>\n\t<\/summary>\n\t<div class=\"cmplz-service-description\">\n\t\t<h4>Usage<\/h4>\n\t\t<p><\/p>\n\t<\/div>\n\t<div class=\"cmplz-sharing-data\">\n\t\t<h4>Sharing data<\/h4>\n\t\t<p>This data is not shared with third parties.<\/p>\n\t<\/div>\n\t<div class=\"cookies-per-purpose\">\n    <div class=\"purpose\"><h4>Purpose pending investigation<\/h4><\/div>\n    <div class=\"name-header\">\n\t<h5>Ime<\/h5>\n<\/div>\n<div class=\"name\"><a target=\"_blank\" rel=\"noopener noreferrer nofollow\" href=\"https:\/\/cookiedatabase.org\/cookie\/unknown-service\/tcb_google_fonts\/\">Google Fonts API<\/a><\/div>\n<div class=\"retention-header\">\n\t<h5>Potek<\/h5>\n<\/div>\n<div class=\"retention\"><\/div>\n<div class=\"function-header\">\n\t<h5>Function<\/h5>\n<\/div>\n<div class=\"function\"><\/div>\n\n<\/div>\n<\/details>\n<details class=\"cmplz-dropdown cmplz-service-desc cmplz-dropdown-cookiepolicy\">\n\t<summary class=\"cmplz-service-header\"><div>\n\t\t<h3>Google zemljevidi<\/h3>\n\t\t<p>Purpose pending investigation<\/p>\n\t\t<label for=\"cmplz_service_google-maps\" class=\"cmplz_consent_per_service_label\"><span class=\"screen-reader-text\">Soglasje za storitev google maps<\/span><\/label>\n\t\t<input type=\"checkbox\" id=\"cmplz_service_google-maps\" class=\"cmplz-accept-service cmplz-hidden\" data-service=\"google-maps\" data-category=\"functional\"><\/div>\n\t<\/summary>\n\t<div class=\"cmplz-service-description\">\n\t\t<h4>Usage<\/h4>\n\t\t<p><\/p>\n\t<\/div>\n\t<div class=\"cmplz-sharing-data\">\n\t\t<h4>Sharing data<\/h4>\n\t\t<p>This data is not shared with third parties.<\/p>\n\t<\/div>\n\t<div class=\"cookies-per-purpose\">\n    <div class=\"purpose\"><h4>Purpose pending investigation<\/h4><\/div>\n    <div class=\"name-header\">\n\t<h5>Ime<\/h5>\n<\/div>\n<div class=\"name\"><a target=\"_blank\" rel=\"noopener noreferrer nofollow\" href=\"https:\/\/cookiedatabase.org\/cookie\/unknown-service\/google-maps-api\/\">Google Maps API<\/a><\/div>\n<div class=\"retention-header\">\n\t<h5>Potek<\/h5>\n<\/div>\n<div class=\"retention\"><\/div>\n<div class=\"function-header\">\n\t<h5>Function<\/h5>\n<\/div>\n<div class=\"function\"><\/div>\n\n<\/div>\n<\/details>\n<details class=\"cmplz-dropdown cmplz-service-desc cmplz-dropdown-cookiepolicy\">\n\t<summary class=\"cmplz-service-header\"><div>\n\t\t<h3>Miscellaneous<\/h3>\n\t\t<p>Purpose pending investigation<\/p>\n\t\t<label for=\"cmplz_service_miscellaneous\" class=\"cmplz_consent_per_service_label\"><span class=\"screen-reader-text\">Consent to service miscellaneous<\/span><\/label>\n\t\t<input type=\"checkbox\" id=\"cmplz_service_miscellaneous\" class=\"cmplz-accept-service cmplz-hidden\" data-service=\"miscellaneous\" data-category=\"functional\"><\/div>\n\t<\/summary>\n\t<div class=\"cmplz-service-description\">\n\t\t<h4>Usage<\/h4>\n\t\t<p><\/p>\n\t<\/div>\n\t<div class=\"cmplz-sharing-data\">\n\t\t<h4>Sharing data<\/h4>\n\t\t<p>Sharing of data is pending investigation<\/p>\n\t<\/div>\n\t<div class=\"cookies-per-purpose\">\n    <div class=\"purpose\"><h4>Purpose pending investigation<\/h4><\/div>\n    <div class=\"name-header\">\n\t<h5>Ime<\/h5>\n<\/div>\n<div class=\"name\">_lscache_vary<\/div>\n<div class=\"retention-header\">\n\t<h5>Potek<\/h5>\n<\/div>\n<div class=\"retention\"><\/div>\n<div class=\"function-header\">\n\t<h5>Function<\/h5>\n<\/div>\n<div class=\"function\"><\/div>\n<div class=\"name-header\">\n\t<h5>Ime<\/h5>\n<\/div>\n<div class=\"name\">cmplz_task_filter<\/div>\n<div class=\"retention-header\">\n\t<h5>Potek<\/h5>\n<\/div>\n<div class=\"retention\">180 days<\/div>\n<div class=\"function-header\">\n\t<h5>Function<\/h5>\n<\/div>\n<div class=\"function\"><\/div>\n<div class=\"name-header\">\n\t<h5>Ime<\/h5>\n<\/div>\n<div class=\"name\">wp_lang<\/div>\n<div class=\"retention-header\">\n\t<h5>Potek<\/h5>\n<\/div>\n<div class=\"retention\"><\/div>\n<div class=\"function-header\">\n\t<h5>Function<\/h5>\n<\/div>\n<div class=\"function\"><\/div>\n\n<\/div>\n<\/details>\n<\/div><h2>7. Soglasje<\/h2><p>Ko prvi\u010d obi\u0161\u010dete na\u0161o spletno stran, vam bomo prikazali pojavno okno z razlago o pi\u0161kotkih. Takoj ko kliknete \u00bbSprejmi izbrano\u00ab, se strinjate z uporabo kategorij pi\u0161kotkov in vti\u010dnikov, ki ste jih izbrali v pojavnem oknu, kot je opisano v tem pravilniku o pi\u0161kotkih. Uporabo pi\u0161kotkov lahko onemogo\u010dite v svojem brskalniku, vendar upo\u0161tevajte, da na\u0161a spletna stran morda ne bo ve\u010d pravilno delovala.<\/p><p class=\"cmplz-subtitle\">7.1 Upravljajte svoje nastavitve soglasja<\/p><div id=\"cmplz-manage-consent-container-nojavascript\">You have loaded the Cookie Policy without javascript support.&nbsp;On AMP, you can use the manage consent button on the bottom of the page.<\/div><div id=\"cmplz-manage-consent-container\" name=\"cmplz-manage-consent-container\" class=\"cmplz-manage-consent-container\"><\/div><h2>8. Omogo\u010danje\/onemogo\u010danje in brisanje pi\u0161kotkov<\/h2><p>Za samodejno ali ro\u010dno brisanje pi\u0161kotkov lahko uporabite svoj internetni brskalnik. Dolo\u010dite lahko tudi, da se dolo\u010deni pi\u0161kotki ne smejo namestiti. Druga mo\u017enost je, da spremenite nastavitve svojega internetnega brskalnika tako, da prejmete sporo\u010dilo vsaki\u010d, ko je name\u0161\u010den pi\u0161kotek. Za ve\u010d informacij o teh mo\u017enostih si oglejte navodila v razdelku Pomo\u010d va\u0161ega brskalnika.<\/p><p>Upo\u0161tevajte, da na\u0161e spletno mesto morda ne bo delovalo pravilno, \u010de so vsi pi\u0161kotki onemogo\u010deni. \u010ce izbri\u0161ete pi\u0161kotke v va\u0161em brskalniku, se bodo znova namestili po va\u0161i privolitvi, ko ponovno obi\u0161\u010dete na\u0161o spletno stran.<\/p><h2>9. Va\u0161e pravice v zvezi z osebnimi podatki<\/h2><p>V zvezi z va\u0161imi osebnimi podatki imate naslednje pravice:<\/p><ul>\n                    <li>Pravico imate vedeti, zakaj so va\u0161i osebni podatki potrebni, kaj se bo z njimi zgodilo in kako dolgo se bodo hranili.<\/li>\n                    <li>Pravica do dostopa: Imate pravico do dostopa do va\u0161ih osebnih podatkov, ki so nam znani.<\/li>\n                    <li>Pravica do popravka: pravico imate dopolniti, popraviti, izbrisati ali blokirati svoje osebne podatke, kadarkoli \u017eelite.<\/li>\n                    <li>\u010ce nam daste soglasje za obdelavo va\u0161ih podatkov, imate pravico to soglasje preklicati in zahtevati izbris va\u0161ih osebnih podatkov.<\/li>\n                    <li>Pravica do prenosa va\u0161ih podatkov: od upravljavca imate pravico zahtevati vse svoje osebne podatke in jih v celoti posredovati drugemu upravljavcu.<\/li>\n                    <li>Pravica do ugovora: lahko ugovarjate obdelavi va\u0161ih podatkov. Tega upo\u0161tevamo, razen \u010de obstajajo utemeljeni razlogi za obdelavo.<\/li>\n                <\/ul><p>To exercise these rights, please contact us. Please refer to the contact details at the bottom of this Cookie Policy. If you have a complaint about how we handle your data, we would like to hear from you, but you also have the right to submit a complaint to the supervisory authority (the Data Protection Authority).<\/p><h2>10. Kontaktni podatki<\/h2><p>Za vpra\u0161anja in\/ali komentarje o na\u0161em pravilniku o pi\u0161kotkih in tej izjavi se obrnite na nas na naslednje kontaktne podatke:<\/p><p><span class=\"cmplz-contact-organisation\">VALSAISERA Srl<\/span><br>\n                      <span class=\"cmplz-contact-address\">Via Saisera 65, 33010, Malborghetto-Valbruna (Udine) <\/span><br>\n                      <span class=\"cmplz-contact-country\">Italy<\/span><br>\n                    Spletna stran: <span class=\"cmplz-contact-domain\"><a href=\"https:\/\/kilealpineresort.com\/sl\">https:\/\/kilealpineresort.com\/sl<\/a><\/span><br>\n                    E-naslov: <span class=\"cmplz-contact-email\"><span class=\"cmplz-obfuscate\">&#105;&#110;&#102;o@<span class=\"cmplz-fmail-domain\">ex.c&#111;&#109;<\/span>&#107;il&#101;&#097;l&#112;i&#110;&#101;res&#111;&#114;&#116;.co&#109;<\/span><\/span><br>\n                    <span class=\"cmplz-contact-telephone\">Phone number: \u202d+39 333 3785603\u202c<\/span><\/p><p>This Cookie Policy was synchronized with <a href=\"https:\/\/cookiedatabase.org\/\" target=\"_blank\" rel=\"noopener\">cookiedatabase.org<\/a> on 3 april 2026.<\/p><\/div>","protected":false},"excerpt":{"rendered":"","protected":false},"author":1,"featured_media":0,"parent":0,"menu_order":0,"comment_status":"closed","ping_status":"closed","template":"","meta":{"_et_pb_use_builder":"","_et_pb_old_content":"","_et_gb_content_width":"1080","iawp_total_views":115,"footnotes":""},"class_list":["post-1317","page","type-page","status-publish","hentry"],"_links":{"self":[{"href":"https:\/\/kilealpineresort.com\/sl\/wp-json\/wp\/v2\/pages\/1317","targetHints":{"allow":["GET"]}}],"collection":[{"href":"https:\/\/kilealpineresort.com\/sl\/wp-json\/wp\/v2\/pages"}],"about":[{"href":"https:\/\/kilealpineresort.com\/sl\/wp-json\/wp\/v2\/types\/page"}],"author":[{"embeddable":true,"href":"https:\/\/kilealpineresort.com\/sl\/wp-json\/wp\/v2\/users\/1"}],"replies":[{"embeddable":true,"href":"https:\/\/kilealpineresort.com\/sl\/wp-json\/wp\/v2\/comments?post=1317"}],"version-history":[{"count":0,"href":"https:\/\/kilealpineresort.com\/sl\/wp-json\/wp\/v2\/pages\/1317\/revisions"}],"wp:attachment":[{"href":"https:\/\/kilealpineresort.com\/sl\/wp-json\/wp\/v2\/media?parent=1317"}],"curies":[{"name":"wp","href":"https:\/\/api.w.org\/{rel}","templated":true}]}}