{"id":17,"date":"2023-10-09T14:50:31","date_gmt":"2023-10-09T12:50:31","guid":{"rendered":"http:\/\/kilealpineresort.com\/?page_id=17"},"modified":"2024-01-04T17:29:31","modified_gmt":"2024-01-04T16:29:31","slug":"contatti","status":"publish","type":"page","link":"https:\/\/kilealpineresort.com\/en\/contatti\/","title":{"rendered":"Contacts"},"content":{"rendered":"<p>[et_pb_section fb_built=&#8221;1&#8243; _builder_version=&#8221;4.22.2&#8243; _module_preset=&#8221;default&#8221; background_enable_color=&#8221;off&#8221; use_background_color_gradient=&#8221;on&#8221; background_color_gradient_stops=&#8221;rgba(0,0,0,0.5) 0%|rgba(55,62,64,0.8) 100%&#8221; background_image=&#8221;http:\/\/kilealpineresort.com\/wp-content\/uploads\/2023\/10\/Apple-Macbook-Pro-e-iPad-in-Chalet-del-Kile-Alpine-Resort.jpeg&#8221; background_blend=&#8221;multiply&#8221; custom_margin=&#8221;-188px||||false|false&#8221; custom_padding=&#8221;300px||300px||true|false&#8221; global_colors_info=&#8221;{}&#8221;][et_pb_row _builder_version=&#8221;4.22.2&#8243; _module_preset=&#8221;default&#8221; global_colors_info=&#8221;{}&#8221;][et_pb_column type=&#8221;4_4&#8243; _builder_version=&#8221;4.22.2&#8243; _module_preset=&#8221;default&#8221; global_colors_info=&#8221;{}&#8221;][et_pb_text _builder_version=&#8221;4.23.4&#8243; _module_preset=&#8221;ffd8aa27-bfcc-4804-aecc-8bfda0a1dd76&#8243; header_font=&#8221;Montserrat Alternates|300|||||||&#8221; header_text_color=&#8221;gcid-726f6110-1503-4327-b475-0449b49faff4&#8243; header_font_size_phone=&#8221;54px&#8221; global_colors_info=&#8221;{%22gcid-726f6110-1503-4327-b475-0449b49faff4%22:%91%22header_text_color%22%93}&#8221;]<\/p>\n<h1>Contattaci<\/h1>\n<p>[\/et_pb_text][et_pb_text content_tablet=&#8221;<\/p>\n<p>%22&#8230;rilassatevi, raccoglietevi, allontanate ogni pensiero<br \/>e lasciate che il mondo si sfumi nell&#8217;indistinto&#8230;%22<\/p>\n<p>&#8221; content_phone=&#8221;<\/p>\n<p>%22&#8230;rilassatevi, raccoglietevi, allontanate ogni pensiero<br \/>e lasciate che il mondo<br \/>si sfumi nell&#8217;indistinto&#8230;%22<\/p>\n<p>&#8221; content_last_edited=&#8221;on|desktop&#8221; _builder_version=&#8221;4.23.4&#8243; _module_preset=&#8221;default&#8221; text_font=&#8221;Antic||||||||&#8221; text_text_color=&#8221;#FFFFFF&#8221; text_font_size=&#8221;23px&#8221; text_orientation=&#8221;center&#8221; text_line_height_tablet=&#8221;1.6em&#8221; text_line_height_phone=&#8221;1.3em&#8221; text_line_height_last_edited=&#8221;on|tablet&#8221; global_colors_info=&#8221;{}&#8221;]<\/p>\n<p>&#8220;&#8230;rilassatevi, raccoglietevi, allontanate ogni pensiero e lasciate che il mondo si sfumi nell&#8217;indistinto&#8230;&#8221;<\/p>\n<p>[\/et_pb_text][\/et_pb_column][\/et_pb_row][\/et_pb_section][et_pb_section fb_built=&#8221;1&#8243; _builder_version=&#8221;4.22.2&#8243; _module_preset=&#8221;default&#8221; global_colors_info=&#8221;{}&#8221;][et_pb_row column_structure=&#8221;1_2,1_2&#8243; _builder_version=&#8221;4.22.2&#8243; _module_preset=&#8221;default&#8221; global_colors_info=&#8221;{}&#8221;][et_pb_column type=&#8221;1_2&#8243; _builder_version=&#8221;4.22.2&#8243; _module_preset=&#8221;default&#8221; global_colors_info=&#8221;{}&#8221;][et_pb_blurb title=&#8221;Telefono&#8221; use_icon=&#8221;on&#8221; font_icon=&#8221;&#xf3cd;||fa||900&#8243; icon_color=&#8221;#A8A490&#8243; icon_placement=&#8221;left&#8221; image_icon_width=&#8221;30px&#8221; image_icon_width_tablet=&#8221;30px&#8221; image_icon_width_phone=&#8221;30px&#8221; image_icon_width_last_edited=&#8221;on|phone&#8221; _builder_version=&#8221;4.23.4&#8243; _module_preset=&#8221;default&#8221; header_font=&#8221;Montserrat Alternates|600|||||||&#8221; header_text_color=&#8221;#305252&#8243; header_font_size=&#8221;20px&#8221; body_font=&#8221;Antic||||||||&#8221; body_text_color=&#8221;#373E40&#8243; body_font_size=&#8221;18px&#8221; body_letter_spacing=&#8221;0.5px&#8221; body_link_font=&#8221;Antic||||||||&#8221; body_link_text_color=&#8221;#4B5556&#8243; image_icon_custom_padding=&#8221;7px||||false|false&#8221; custom_padding=&#8221;|50px|||false|false&#8221; hover_enabled=&#8221;0&#8243; global_colors_info=&#8221;{}&#8221; body_text_color__hover_enabled=&#8221;on|hover&#8221; body_link_text_color__hover_enabled=&#8221;on|desktop&#8221; body_link_text_color__hover=&#8221;#E1C679&#8243; body_text_color__hover=&#8221;#373E40&#8243; sticky_enabled=&#8221;0&#8243;]<\/p>\n<p><a href=\"tel:+393337938458\" target=\"_blank\" rel=\"noopener\">+39 3337938458<\/a><\/p>\n<p>[\/et_pb_blurb][et_pb_blurb title=&#8221;Email&#8221; use_icon=&#8221;on&#8221; font_icon=&#8221;&#xf0e0;||fa||400&#8243; icon_color=&#8221;#A8A490&#8243; icon_placement=&#8221;left&#8221; image_icon_width=&#8221;30px&#8221; _builder_version=&#8221;4.23.1&#8243; _module_preset=&#8221;default&#8221; header_font=&#8221;Montserrat Alternates|600|||||||&#8221; header_text_color=&#8221;#305252&#8243; header_font_size=&#8221;20px&#8221; body_font=&#8221;Antic||||||||&#8221; body_text_color=&#8221;#373E40&#8243; body_font_size=&#8221;18px&#8221; body_letter_spacing=&#8221;0.5px&#8221; body_link_font=&#8221;Antic||||||||&#8221; body_link_text_color=&#8221;#4B5556&#8243; image_icon_custom_margin=&#8221;|||-7px|false|false&#8221; image_icon_custom_padding=&#8221;7px||||false|false&#8221; custom_padding=&#8221;|50px|||false|false&#8221; global_colors_info=&#8221;{}&#8221; body_link_text_color__hover_enabled=&#8221;on|desktop&#8221; body_link_text_color__hover=&#8221;#E1C679&#8243;]<\/p>\n<p><a href=\"mailto:info@kilealpineresort.com\" target=\"_blank\" rel=\"noopener\">info@kilealpineresort.com<\/a><\/p>\n<p>[\/et_pb_blurb][et_pb_blurb title=&#8221;Indirizzo&#8221; use_icon=&#8221;on&#8221; font_icon=&#8221;&#xe081;||divi||400&#8243; icon_color=&#8221;#A8A490&#8243; icon_placement=&#8221;left&#8221; image_icon_width=&#8221;30px&#8221; _builder_version=&#8221;4.23.4&#8243; _module_preset=&#8221;default&#8221; header_font=&#8221;Montserrat Alternates|600|||||||&#8221; header_text_color=&#8221;#305252&#8243; header_font_size=&#8221;20px&#8221; body_font=&#8221;Antic||||||||&#8221; body_text_color=&#8221;#4B5556&#8243; body_font_size=&#8221;18px&#8221; body_letter_spacing=&#8221;0.5px&#8221; image_icon_custom_margin=&#8221;|||-7px|false|false&#8221; image_icon_custom_padding=&#8221;7px||||false|false&#8221; custom_padding=&#8221;|50px|||false|false&#8221; link_option_url=&#8221;http:\/\/kilealpineresort.com\/contatti\/#mappa&#8221; hover_enabled=&#8221;0&#8243; global_colors_info=&#8221;{}&#8221; body_text_color__hover_enabled=&#8221;on|hover&#8221; body_text_color__hover=&#8221;#E1C679&#8243; sticky_enabled=&#8221;0&#8243;]<\/p>\n<p>Via Saisera 65,<\/p>\n<p>33010, Malborghetto-Valbruna (UD)<\/p>\n<p>Italia<\/p>\n<p>[\/et_pb_blurb][et_pb_blurb title=&#8221;Coordinate&#8221; use_icon=&#8221;on&#8221; font_icon=&#8221;&#xf124;||fa||900&#8243; icon_color=&#8221;#A8A490&#8243; icon_placement=&#8221;left&#8221; image_icon_width=&#8221;30px&#8221; _builder_version=&#8221;4.23.1&#8243; _module_preset=&#8221;default&#8221; header_font=&#8221;Montserrat Alternates|600|||||||&#8221; header_text_color=&#8221;#305252&#8243; header_font_size=&#8221;20px&#8221; body_font=&#8221;Antic||||||||&#8221; body_text_color=&#8221;#4B5556&#8243; body_font_size=&#8221;18px&#8221; body_letter_spacing=&#8221;0.5px&#8221; image_icon_custom_margin=&#8221;|||-7px|false|false&#8221; image_icon_custom_padding=&#8221;7px||||false|false&#8221; custom_padding=&#8221;|50px|||false|false&#8221; link_option_url=&#8221;http:\/\/kilealpineresort.com\/contatti\/#mappa&#8221; global_colors_info=&#8221;{}&#8221; body_text_color__hover_enabled=&#8221;on|hover&#8221; body_text_color__hover=&#8221;#E1C679&#8243;]<\/p>\n<p>46\u00b027&#8217;29.9&#8243;N 13\u00b028&#8217;25.3&#8243;E<\/p>\n<p>[\/et_pb_blurb][\/et_pb_column][et_pb_column type=&#8221;1_2&#8243; _builder_version=&#8221;4.22.2&#8243; _module_preset=&#8221;default&#8221; global_colors_info=&#8221;{}&#8221;][et_pb_contact_form email=&#8221;info@kilealpineresort.com&#8221; title=&#8221;Rimaniamo in contatto&#8221; custom_message=&#8221;Ciao Kile Alpine Resort, questo messaggio \u00e8 stato spedito da: %%Nome%% %%Cognome%%, Il numero di telefono del mittente \u00e8: %%Telefono%%, e l&#8217;indirizzo Email del mittente \u00e8: %%Email%%, Il messaggio inviato dall&#8217;utente \u00e8 il seguente: %%Messaggio%%. L&#8217;utente ha acconsentito al trattamento dati personali: Accettazione privacy policy: http:\/\/kilealpineresort.com\/dichiarazione-sulla-privacy-ue\/&#8221; use_redirect=&#8221;on&#8221; redirect_url=&#8221;http:\/\/kilealpineresort.com\/grazie-per-averci-contattato\/&#8221; success_message=&#8221;Il tuo messaggio \u00e8 stato inviato con successo!&#8221; submit_button_text=&#8221;Invia messaggio&#8221; submit_button_text_tablet=&#8221;Invia&#8221; submit_button_text_phone=&#8221;Invia&#8221; submit_button_text_last_edited=&#8221;on|desktop&#8221; _builder_version=&#8221;4.23.4&#8243; _module_preset=&#8221;default&#8221; _unique_id=&#8221;a917b150-8eb6-4646-9271-2502cbe753b3&#8243; form_field_background_color=&#8221;RGBA(255,255,255,0)&#8221; form_field_text_color=&#8221;#4B5556&#8243; form_field_focus_text_color=&#8221;#4B5556&#8243; title_level=&#8221;h3&#8243; title_font=&#8221;Montserrat Alternates|600|||||||&#8221; title_text_color=&#8221;gcid-8a17a93e-9450-4203-9aab-97791427b17d&#8221; title_font_size=&#8221;23px&#8221; title_letter_spacing=&#8221;0.5px&#8221; title_line_height=&#8221;3em&#8221; captcha_font=&#8221;Antic||||||||&#8221; captcha_text_color=&#8221;#305252&#8243; captcha_font_size=&#8221;18px&#8221; captcha_letter_spacing=&#8221;0.5px&#8221; form_field_font=&#8221;Antic||||||||&#8221; form_field_font_size=&#8221;16px&#8221; form_field_letter_spacing=&#8221;0.5px&#8221; custom_button=&#8221;on&#8221; button_text_size=&#8221;16px&#8221; button_text_color=&#8221;gcid-726f6110-1503-4327-b475-0449b49faff4&#8243; button_bg_color=&#8221;gcid-8a17a93e-9450-4203-9aab-97791427b17d&#8221; button_border_width=&#8221;0px&#8221; button_border_radius=&#8221;100px&#8221; button_letter_spacing=&#8221;0.5px&#8221; button_font=&#8221;Antic|700||on|||||&#8221; button_icon=&#8221;&#x35;||divi||400&#8243; button_custom_padding=&#8221;12px|25px|12px|25px|true|true&#8221; custom_margin=&#8221;-10px||||false|false&#8221; custom_margin_tablet=&#8221;50px||20px||false|false&#8221; custom_margin_phone=&#8221;50px||20px||false|false&#8221; custom_margin_last_edited=&#8221;on|phone&#8221; border_radii=&#8221;on|10px|10px|10px|10px&#8221; border_width_all=&#8221;1px&#8221; border_color_all=&#8221;rgba(55,62,64,0.23)&#8221; box_shadow_style_button=&#8221;preset3&#8243; global_colors_info=&#8221;{%22gcid-8a17a93e-9450-4203-9aab-97791427b17d%22:%91%22title_text_color%22,%22button_bg_color%22%93,%22gcid-726f6110-1503-4327-b475-0449b49faff4%22:%91%22button_text_color%22%93}&#8221;][et_pb_contact_field field_id=&#8221;Nome&#8221; field_title=&#8221;Nome*&#8221; allowed_symbols=&#8221;letters&#8221; _builder_version=&#8221;4.22.2&#8243; global_colors_info=&#8221;{}&#8221; button_text_size__hover_enabled=&#8221;off&#8221; button_one_text_size__hover_enabled=&#8221;off&#8221; button_two_text_size__hover_enabled=&#8221;off&#8221; button_text_color__hover_enabled=&#8221;off&#8221; button_one_text_color__hover_enabled=&#8221;off&#8221; button_two_text_color__hover_enabled=&#8221;off&#8221; button_border_width__hover_enabled=&#8221;off&#8221; button_one_border_width__hover_enabled=&#8221;off&#8221; button_two_border_width__hover_enabled=&#8221;off&#8221; button_border_color__hover_enabled=&#8221;off&#8221; button_one_border_color__hover_enabled=&#8221;off&#8221; button_two_border_color__hover_enabled=&#8221;off&#8221; button_border_radius__hover_enabled=&#8221;off&#8221; button_one_border_radius__hover_enabled=&#8221;off&#8221; button_two_border_radius__hover_enabled=&#8221;off&#8221; button_letter_spacing__hover_enabled=&#8221;off&#8221; button_one_letter_spacing__hover_enabled=&#8221;off&#8221; button_two_letter_spacing__hover_enabled=&#8221;off&#8221; button_bg_color__hover_enabled=&#8221;off&#8221; button_one_bg_color__hover_enabled=&#8221;off&#8221; button_two_bg_color__hover_enabled=&#8221;off&#8221;][\/et_pb_contact_field][et_pb_contact_field field_id=&#8221;Cognome&#8221; field_title=&#8221;Cognome&#8221; allowed_symbols=&#8221;letters&#8221; required_mark=&#8221;off&#8221; _builder_version=&#8221;4.22.2&#8243; _module_preset=&#8221;default&#8221; global_colors_info=&#8221;{}&#8221;][\/et_pb_contact_field][et_pb_contact_field field_id=&#8221;Email&#8221; field_title=&#8221;Indirizzo e-mail*&#8221; field_type=&#8221;email&#8221; _builder_version=&#8221;4.22.2&#8243; global_colors_info=&#8221;{}&#8221; button_text_size__hover_enabled=&#8221;off&#8221; button_one_text_size__hover_enabled=&#8221;off&#8221; button_two_text_size__hover_enabled=&#8221;off&#8221; button_text_color__hover_enabled=&#8221;off&#8221; button_one_text_color__hover_enabled=&#8221;off&#8221; button_two_text_color__hover_enabled=&#8221;off&#8221; button_border_width__hover_enabled=&#8221;off&#8221; button_one_border_width__hover_enabled=&#8221;off&#8221; button_two_border_width__hover_enabled=&#8221;off&#8221; button_border_color__hover_enabled=&#8221;off&#8221; button_one_border_color__hover_enabled=&#8221;off&#8221; button_two_border_color__hover_enabled=&#8221;off&#8221; button_border_radius__hover_enabled=&#8221;off&#8221; button_one_border_radius__hover_enabled=&#8221;off&#8221; button_two_border_radius__hover_enabled=&#8221;off&#8221; button_letter_spacing__hover_enabled=&#8221;off&#8221; button_one_letter_spacing__hover_enabled=&#8221;off&#8221; button_two_letter_spacing__hover_enabled=&#8221;off&#8221; button_bg_color__hover_enabled=&#8221;off&#8221; button_one_bg_color__hover_enabled=&#8221;off&#8221; button_two_bg_color__hover_enabled=&#8221;off&#8221;][\/et_pb_contact_field][et_pb_contact_field field_id=&#8221;Telefono&#8221; field_title=&#8221;Telefono*&#8221; _builder_version=&#8221;4.22.2&#8243; _module_preset=&#8221;default&#8221; global_colors_info=&#8221;{}&#8221;][\/et_pb_contact_field][et_pb_contact_field field_id=&#8221;Messaggio&#8221; field_title=&#8221;Messaggio*&#8221; field_type=&#8221;text&#8221; fullwidth_field=&#8221;on&#8221; _builder_version=&#8221;4.22.2&#8243; global_colors_info=&#8221;{}&#8221; button_text_size__hover_enabled=&#8221;off&#8221; button_one_text_size__hover_enabled=&#8221;off&#8221; button_two_text_size__hover_enabled=&#8221;off&#8221; button_text_color__hover_enabled=&#8221;off&#8221; button_one_text_color__hover_enabled=&#8221;off&#8221; button_two_text_color__hover_enabled=&#8221;off&#8221; button_border_width__hover_enabled=&#8221;off&#8221; button_one_border_width__hover_enabled=&#8221;off&#8221; button_two_border_width__hover_enabled=&#8221;off&#8221; button_border_color__hover_enabled=&#8221;off&#8221; button_one_border_color__hover_enabled=&#8221;off&#8221; button_two_border_color__hover_enabled=&#8221;off&#8221; button_border_radius__hover_enabled=&#8221;off&#8221; button_one_border_radius__hover_enabled=&#8221;off&#8221; button_two_border_radius__hover_enabled=&#8221;off&#8221; button_letter_spacing__hover_enabled=&#8221;off&#8221; button_one_letter_spacing__hover_enabled=&#8221;off&#8221; button_two_letter_spacing__hover_enabled=&#8221;off&#8221; button_bg_color__hover_enabled=&#8221;off&#8221; button_one_bg_color__hover_enabled=&#8221;off&#8221; button_two_bg_color__hover_enabled=&#8221;off&#8221;][\/et_pb_contact_field][et_pb_contact_field field_id=&#8221;Privacy&#8221; field_title=&#8221;Privacy policy&#8221; field_type=&#8221;radio&#8221; radio_options=&#8221;%91{%22value%22:%22Dichiaro di aver letto ed accettare la %22,%22checked%22:0,%22dragID%22:-1,%22link_url%22:%22http:\/\/kilealpineresort.com\/dichiarazione-sulla-privacy-ue\/%22,%22link_text%22:%22Privacy policy%22}%93&#8243; fullwidth_field=&#8221;on&#8221; _builder_version=&#8221;4.22.2&#8243; _module_preset=&#8221;default&#8221; global_colors_info=&#8221;{}&#8221;][\/et_pb_contact_field][\/et_pb_contact_form][\/et_pb_column][\/et_pb_row][\/et_pb_section][et_pb_section fb_built=&#8221;1&#8243; module_id=&#8221;mappa&#8221; _builder_version=&#8221;4.22.2&#8243; _module_preset=&#8221;default&#8221; custom_padding=&#8221;0px||0px||true|false&#8221; global_colors_info=&#8221;{}&#8221;][et_pb_row _builder_version=&#8221;4.22.2&#8243; _module_preset=&#8221;default&#8221; width=&#8221;100%&#8221; max_width=&#8221;100%&#8221; custom_padding=&#8221;0px||0px||true|false&#8221; global_colors_info=&#8221;{}&#8221;][et_pb_column type=&#8221;4_4&#8243; _builder_version=&#8221;4.22.2&#8243; _module_preset=&#8221;default&#8221; global_colors_info=&#8221;{}&#8221;][et_pb_code _builder_version=&#8221;4.22.2&#8243; _module_preset=&#8221;default&#8221; custom_margin=&#8221;||-7px||false|false&#8221; custom_margin_tablet=&#8221;||-7px||false|false&#8221; custom_margin_phone=&#8221;||-7px||false|false&#8221; custom_margin_last_edited=&#8221;on|desktop&#8221; global_colors_info=&#8221;{}&#8221;]<iframe src=\"https:\/\/www.google.com\/maps\/embed?pb=!1m18!1m12!1m3!1d87952.48094550308!2d13.391296941075929!3d46.45830557110755!2m3!1f0!2f0!3f0!3m2!1i1024!2i768!4f13.1!3m3!1m2!1s0x477a6d9334ccb35f%3A0x5a3b2e0556f54603!2sKile%20Alpine%20Resort!5e0!3m2!1sit!2sit!4v1697750948680!5m2!1sit!2sit\" width=\"100%\" height=\"450\" style=\"border:0;\" allowfullscreen=\"\" loading=\"lazy\" referrerpolicy=\"no-referrer-when-downgrade\"><\/iframe>[\/et_pb_code][\/et_pb_column][\/et_pb_row][\/et_pb_section]<\/p>\n","protected":false},"excerpt":{"rendered":"<p>Contattaci&#8221;&#8230;rilassatevi, raccoglietevi, allontanate ogni pensiero e lasciate che il mondo si sfumi nell&#8217;indistinto&#8230;&#8221;+39 3337938458info@kilealpineresort.comVia Saisera 65, 33010, Malborghetto-Valbruna (UD) Italia46\u00b027&#8217;29.9&#8243;N 13\u00b028&#8217;25.3&#8243;E<\/p>","protected":false},"author":1,"featured_media":0,"parent":0,"menu_order":0,"comment_status":"closed","ping_status":"closed","template":"","meta":{"_et_pb_use_builder":"on","_et_pb_old_content":"<!-- wp:divi\/placeholder \/-->","_et_gb_content_width":"","iawp_total_views":4225,"footnotes":""},"class_list":["post-17","page","type-page","status-publish","hentry"],"_links":{"self":[{"href":"https:\/\/kilealpineresort.com\/en\/wp-json\/wp\/v2\/pages\/17","targetHints":{"allow":["GET"]}}],"collection":[{"href":"https:\/\/kilealpineresort.com\/en\/wp-json\/wp\/v2\/pages"}],"about":[{"href":"https:\/\/kilealpineresort.com\/en\/wp-json\/wp\/v2\/types\/page"}],"author":[{"embeddable":true,"href":"https:\/\/kilealpineresort.com\/en\/wp-json\/wp\/v2\/users\/1"}],"replies":[{"embeddable":true,"href":"https:\/\/kilealpineresort.com\/en\/wp-json\/wp\/v2\/comments?post=17"}],"version-history":[{"count":4,"href":"https:\/\/kilealpineresort.com\/en\/wp-json\/wp\/v2\/pages\/17\/revisions"}],"predecessor-version":[{"id":1710,"href":"https:\/\/kilealpineresort.com\/en\/wp-json\/wp\/v2\/pages\/17\/revisions\/1710"}],"wp:attachment":[{"href":"https:\/\/kilealpineresort.com\/en\/wp-json\/wp\/v2\/media?parent=17"}],"curies":[{"name":"wp","href":"https:\/\/api.w.org\/{rel}","templated":true}]}}